{"id":615,"date":"2020-01-17T22:18:57","date_gmt":"2020-01-17T22:18:57","guid":{"rendered":"https:\/\/clubedocafe.net\/comprecoletivo\/?post_type=product&#038;p=615"},"modified":"2020-07-09T22:18:24","modified_gmt":"2020-07-09T22:18:24","slug":"mokinha-verde-da-simone-1kg","status":"publish","type":"product","link":"https:\/\/clubedocafe.net\/comprecoletivo\/produto\/mokinha-verde-da-simone-1kg\/","title":{"rendered":"Mokinha Verde da Simone &#8211; 1kg"},"content":{"rendered":"<p>Conhecemos a Simone Sampaio em um evento de caf\u00e9 no final do ano de 2018. De l\u00e1 para c\u00e1 nossa rela\u00e7\u00e3o se estreitou e este ano conseguimos garantir com ela uma preciosidade plantada em seu jardim. O caf\u00e9 que ela separou para a gente \u00e9 um Catigu\u00e1 MG2, uma variedade otimizada para produzir qualidade. O perfil da bebida \u00e9 diferente do que costumamos encontrar por a\u00ed, achamos notas de chocolate mentolado muito gostosa e uma acidez marcante. Em combina\u00e7\u00e3o com o um grande potencial para bebidas de corpo alto, acreditamos que este caf\u00e9 dar\u00e1 espressos fenomenais.<\/p>\n<p>A Fazenda Jardim das Oliveiras, fica a 1300m de altitude na cidade de Araponga. Conhecemos a regi\u00e3o em 2017 e nos encantamos com o clima e o relevo da regi\u00e3o. Tudo parece ser o mais apropriado poss\u00edvel para se fazer caf\u00e9s especiais de alt\u00edssima qualidade. Al\u00e9m disso, a preocupa\u00e7\u00e3o com sustentabilidade tamb\u00e9m nos encantou. Eles tomara a decis\u00e3o de n\u00e3o utilizar nenhum tipo de agrot\u00f3xico na planta\u00e7\u00e3o. Todas as nascentes da propriedade foram protegidas e a \u00e1gua utilizada para processar o caf\u00e9 \u00e9 reutilizada na fertiirriga\u00e7\u00e3o da lavoura.<\/p>\n<p>Para saber mais sobre o trabalho da Simone:<\/p>\n<p><a href=\"https:\/\/www.instagram.com\/cafejardimdasoliveiras\/\">https:\/\/www.instagram.com\/cafejardimdasoliveiras\/<\/a><\/p>\n","protected":false},"excerpt":{"rendered":"<p style=\"text-align: center;\">Caf\u00e9 Jardim das Oliveiras<br \/>\nAraponga &#8211; Matas de Minas<br \/>\nAltitude: 1250m<br \/>\nVariedade: Catigu\u00e1 MG2<br \/>\nProcesso: CD<br \/>\nProdutora: Simone Sampaio<\/p>\n<p style=\"text-align: center;\">Valor Pago a Produtora: R$ 1.950,00 a saca<\/p>\n<p>Este \u00e9 o gr\u00e3o mokinha!! Ele \u00e9 um pouco mais frutado que o peneira 15 acima, no mais \u00e9 o mesmo sensorial.<\/p>\n<p>Este \u00e9 um caf\u00e9 diferenciado, tanto pelo varietal quanto pelo sensorial. Encontramos potencial para se destacar notas de chocolate, menta, frutas amarelas ou notas florais. Possui um corpo alto e, na nossa opini\u00e3o, fica muito bom em torras otimizadas para espresso.<\/p>\n","protected":false},"featured_media":623,"template":"","meta":[],"product_brand":[],"product_cat":[66],"product_tag":[],"class_list":{"0":"post-615","1":"product","2":"type-product","3":"status-publish","4":"has-post-thumbnail","6":"product_cat-cafeverde","8":"first","9":"outofstock","10":"shipping-taxable","11":"purchasable","12":"product-type-simple"},"_links":{"self":[{"href":"https:\/\/clubedocafe.net\/comprecoletivo\/wp-json\/wp\/v2\/product\/615","targetHints":{"allow":["GET"]}}],"collection":[{"href":"https:\/\/clubedocafe.net\/comprecoletivo\/wp-json\/wp\/v2\/product"}],"about":[{"href":"https:\/\/clubedocafe.net\/comprecoletivo\/wp-json\/wp\/v2\/types\/product"}],"wp:featuredmedia":[{"embeddable":true,"href":"https:\/\/clubedocafe.net\/comprecoletivo\/wp-json\/wp\/v2\/media\/623"}],"wp:attachment":[{"href":"https:\/\/clubedocafe.net\/comprecoletivo\/wp-json\/wp\/v2\/media?parent=615"}],"wp:term":[{"taxonomy":"product_brand","embeddable":true,"href":"https:\/\/clubedocafe.net\/comprecoletivo\/wp-json\/wp\/v2\/product_brand?post=615"},{"taxonomy":"product_cat","embeddable":true,"href":"https:\/\/clubedocafe.net\/comprecoletivo\/wp-json\/wp\/v2\/product_cat?post=615"},{"taxonomy":"product_tag","embeddable":true,"href":"https:\/\/clubedocafe.net\/comprecoletivo\/wp-json\/wp\/v2\/product_tag?post=615"}],"curies":[{"name":"wp","href":"https:\/\/api.w.org\/{rel}","templated":true}]}}