{"id":501,"date":"2019-11-06T23:15:38","date_gmt":"2019-11-06T23:15:38","guid":{"rendered":"https:\/\/clubedocafe.net\/comprecoletivo\/?post_type=product&#038;p=501"},"modified":"2022-08-12T14:57:27","modified_gmt":"2022-08-12T14:57:27","slug":"ajude-o-clube-do-cafe","status":"publish","type":"product","link":"https:\/\/clubedocafe.net\/comprecoletivo\/produto\/ajude-o-clube-do-cafe\/","title":{"rendered":"Ajude o Clube do Caf\u00e9"},"content":{"rendered":"","protected":false},"excerpt":{"rendered":"<p>Ol\u00e1 pessoal,<\/p>\n<p>Como alguns sabem, as despesas do f\u00f3rum est\u00e3o sob minha responsabilidade desde o in\u00edcio de 2018. Nos ano anteriores abrimos algumas cotas para que os membros do CdC pudessem ajudar com as despesas. Este ano seguiremos o mesmo modelo . As cotas ser\u00e3o disponibilizadas no site da Compra Coletiva.<\/p>\n<p>As contas tiveram algumas altera\u00e7\u00f5es, principalmente pelo fato de termos retirado as propagandas do Google do site. Isso gerava uma pequena renda, mas deixava a navega\u00e7\u00e3o horr\u00edvel.<\/p>\n<p>Hospedagem &#8211; Custo anual de R$ 780,00<br \/>\nDom\u00ednio -R$ 78,90<br \/>\nPrivacy Protection Service\u00a0&#8211; custo anual de R$27,80<br \/>\nCertificado SSL &#8211; n\u00e3o estamos mais pagando<br \/>\nLicen\u00e7a do IP\u00a0Board\u00a0\u00a0&#8211; R$200,30<\/p>\n<p>O Valor total anual de minha responsabilidade foi\u00a0de R$1.087. Vamos disponibilizar 70 cotas de 15 reais e limitaremos a compra de 5 cotas por participante. A ideia \u00e9 todos que desejem ajudar consigam adquirir uma cota. Qualquer quantidade de quotas que conseguir ajudar j\u00e1 est\u00e1 de bom tamanho! Vamos perpetuar o f\u00f3rum por mais 10 anos!!!<\/p>\n<p>O pagamento \u00e9 via PIX. Para n\u00e3o exceder o n\u00famero de contas e para manter um registro transparente, pedimos que contribuam apenas aqui pelo site.<\/p>\n<p>\u00c9 muito bom saber que podemos contar com voc\u00eas!<\/p>\n<p>A presta\u00e7\u00e3o de contas segue aqui:\u00a0https:\/\/flic.kr\/s\/aHBqjA2nDu<\/p>\n","protected":false},"featured_media":344,"template":"","meta":[],"product_brand":[],"product_cat":[15],"product_tag":[],"class_list":{"0":"post-501","1":"product","2":"type-product","3":"status-publish","4":"has-post-thumbnail","6":"product_cat-sem-categoria","8":"first","9":"outofstock","10":"virtual","11":"purchasable","12":"product-type-simple"},"_links":{"self":[{"href":"https:\/\/clubedocafe.net\/comprecoletivo\/wp-json\/wp\/v2\/product\/501","targetHints":{"allow":["GET"]}}],"collection":[{"href":"https:\/\/clubedocafe.net\/comprecoletivo\/wp-json\/wp\/v2\/product"}],"about":[{"href":"https:\/\/clubedocafe.net\/comprecoletivo\/wp-json\/wp\/v2\/types\/product"}],"wp:featuredmedia":[{"embeddable":true,"href":"https:\/\/clubedocafe.net\/comprecoletivo\/wp-json\/wp\/v2\/media\/344"}],"wp:attachment":[{"href":"https:\/\/clubedocafe.net\/comprecoletivo\/wp-json\/wp\/v2\/media?parent=501"}],"wp:term":[{"taxonomy":"product_brand","embeddable":true,"href":"https:\/\/clubedocafe.net\/comprecoletivo\/wp-json\/wp\/v2\/product_brand?post=501"},{"taxonomy":"product_cat","embeddable":true,"href":"https:\/\/clubedocafe.net\/comprecoletivo\/wp-json\/wp\/v2\/product_cat?post=501"},{"taxonomy":"product_tag","embeddable":true,"href":"https:\/\/clubedocafe.net\/comprecoletivo\/wp-json\/wp\/v2\/product_tag?post=501"}],"curies":[{"name":"wp","href":"https:\/\/api.w.org\/{rel}","templated":true}]}}