{"id":416,"date":"2019-11-04T22:23:43","date_gmt":"2019-11-04T22:23:43","guid":{"rendered":"http:\/\/clubedocafe.net\/comprecoletivo\/?post_type=product&#038;p=416"},"modified":"2020-07-09T22:18:24","modified_gmt":"2020-07-09T22:18:24","slug":"marcelia","status":"publish","type":"product","link":"https:\/\/clubedocafe.net\/comprecoletivo\/produto\/marcelia\/","title":{"rendered":"Caf\u00e9 Verde da Marcelia &#8211; 1kg"},"content":{"rendered":"<p>Apelidamos este caf\u00e9 por aqui de roubado! Seus sabores s\u00e3o t\u00e3o intensos e t\u00e3o n\u00edtidos que parece que foi hackeado o gr\u00e3o verde e acrescentaram o sabor manualmente, ou seja, \u00e9 um caf\u00e9 roubado!<\/p>\n<p>A verdade \u00e9 que a fam\u00edlia Vinhal domina t\u00e3o bem o processo de fermenta\u00e7\u00e3o que conseguiu trazer para a gente uma experi\u00eancia que, aposto com voc\u00eas, nunca tiveram antes. As notas de framboesa e coco queimado podem ser t\u00e3o n\u00edtidas nesse caf\u00e9 dependendo da torra que vai convencer at\u00e9 aquele bebedor mais incr\u00e9dulo.<\/p>\n<p>Ainda que voc\u00ea seja um purista e esteja enjoado de caf\u00e9 fermentado, recomendamos que pegue ao menos 1kg deste caf\u00e9 para viver esta experiencia, vale a pena!! Agora caso seja f\u00e3 de caf\u00e9s fermentados, n\u00e3o deixe de garantir uma boa quantidade deste lote, pois caf\u00e9s como este marcam safras. Daqui duas ou tr\u00eas safras ainda estaremos lembrando deste caf\u00e9 e comentando sobre ele com os amigos!!!<\/p>\n<p>A produtora Marcelia Vinhal \u00e9 casada com Afonso Vinhal e junto com seus filhos Rafael e Lucas colecionam premia\u00e7\u00f5es em concursos de qualidade. Este lote em especial est\u00e1 na final do Concurso Florada Premiada e est\u00e1 entre as amostras selecionadas para o Coffee of the Year que acontece na Semana Internacional do Caf\u00e9. Ent\u00e3o pode vim coisa boa por a\u00ed ainda!!!<\/p>\n<p>Para saber mais sobre o trabalho da Marcelia e da fam\u00edlia Vinhal<\/p>\n<p><a href=\"https:\/\/www.vinhalcafesartesanais.com\/\">https:\/\/www.vinhalcafesartesanais.com\/<\/a><\/p>\n<p><a href=\"https:\/\/www.instagram.com\/vinhalcafes\/\">https:\/\/www.instagram.com\/vinhalcafes\/<\/a><\/p>\n","protected":false},"excerpt":{"rendered":"<p style=\"text-align: center;\">Fazenda Recanto e Estrela<br \/>\nSerra do Salitre &#8211; Cerrado Mineiro<br \/>\nAltitude: 900m<br \/>\nVariedade: Catua\u00ed Vermelho<br \/>\nProcesso: CD<br \/>\nProdutora: Marcelia Vinhal<\/p>\n<p style=\"text-align: center;\">Valor Pago a Produtora: R$ 1.200,00 a saca<\/p>\n<p>Este \u00e9 um caf\u00e9 ex\u00f3tico. Encontramos notas de acerola, framboesa, baunilha e coco. Apesar de ser um caf\u00e9 Cereja Descascado passou por dupla fermenta\u00e7\u00e3o, anaer\u00f3bica em cereja e aer\u00f3bica depois de descascar. N\u00e3o \u00e9 um caf\u00e9 recomendado para os mais puristas. Mas certante ir\u00e1 agradar quem est\u00e1 disposto a viver experi\u00eancias in\u00e9ditas no mundo do caf\u00e9!<\/p>\n","protected":false},"featured_media":426,"template":"","meta":[],"product_brand":[],"product_cat":[66],"product_tag":[],"class_list":{"0":"post-416","1":"product","2":"type-product","3":"status-publish","4":"has-post-thumbnail","6":"product_cat-cafeverde","8":"first","9":"outofstock","10":"shipping-taxable","11":"purchasable","12":"product-type-simple"},"_links":{"self":[{"href":"https:\/\/clubedocafe.net\/comprecoletivo\/wp-json\/wp\/v2\/product\/416","targetHints":{"allow":["GET"]}}],"collection":[{"href":"https:\/\/clubedocafe.net\/comprecoletivo\/wp-json\/wp\/v2\/product"}],"about":[{"href":"https:\/\/clubedocafe.net\/comprecoletivo\/wp-json\/wp\/v2\/types\/product"}],"wp:featuredmedia":[{"embeddable":true,"href":"https:\/\/clubedocafe.net\/comprecoletivo\/wp-json\/wp\/v2\/media\/426"}],"wp:attachment":[{"href":"https:\/\/clubedocafe.net\/comprecoletivo\/wp-json\/wp\/v2\/media?parent=416"}],"wp:term":[{"taxonomy":"product_brand","embeddable":true,"href":"https:\/\/clubedocafe.net\/comprecoletivo\/wp-json\/wp\/v2\/product_brand?post=416"},{"taxonomy":"product_cat","embeddable":true,"href":"https:\/\/clubedocafe.net\/comprecoletivo\/wp-json\/wp\/v2\/product_cat?post=416"},{"taxonomy":"product_tag","embeddable":true,"href":"https:\/\/clubedocafe.net\/comprecoletivo\/wp-json\/wp\/v2\/product_tag?post=416"}],"curies":[{"name":"wp","href":"https:\/\/api.w.org\/{rel}","templated":true}]}}