{"id":414,"date":"2019-11-04T22:21:55","date_gmt":"2019-11-04T22:21:55","guid":{"rendered":"http:\/\/clubedocafe.net\/comprecoletivo\/?post_type=product&#038;p=414"},"modified":"2020-07-09T22:18:25","modified_gmt":"2020-07-09T22:18:25","slug":"vera","status":"publish","type":"product","link":"https:\/\/clubedocafe.net\/comprecoletivo\/produto\/vera\/","title":{"rendered":"Caf\u00e9 Verde da Vera &#8211; 1kg"},"content":{"rendered":"<p>Conhecemos a Vera em um curso de torra que ministramos em S\u00e3o Paulo. Ela foi uma das participantes, curiosa e sempre buscando por conhecimento. Recebemos amostras do caf\u00e9 dela logo em seguida. A baixa incid\u00eancia de defeitos e limpeza das x\u00edcaras nos chamou a aten\u00e7\u00e3o. Esta safra em particular est\u00e1 dif\u00edcil achar caf\u00e9s naturais com baixa quantidade de verdes e imaturos.<\/p>\n<p>Vera faz parte da segunda gera\u00e7\u00e3o de produtores de caf\u00e9. Seu pai, Bas\u00edlio Garcia Montes e Christino Albuquerque (seu cunhado) compraram a Fazenda Nossa Senhora de F\u00e1tima em 1984 tanto Bas\u00edlio quanto Christino tinham <em>know-how<\/em> de cultura cafeeira desde a juventude, Bas\u00edlio trabalhou com plantio de caf\u00e9 em S\u00e3o Paulo e Paran\u00e1 e Christino era negociante de caf\u00e9.<\/p>\n<p>Parte da colheita do caf\u00e9 \u00e9 mecanizada devido ao grande volume de sacas. Entretanto para o caf\u00e9 especial, um talh\u00e3o de variedade Catua\u00ed vermelho foi separado e a colheita \u00e9 toda manual. O caf\u00e9 \u00e9 seco em estufas.<\/p>\n<p>A propriedade est\u00e1 situada entre Capit\u00f3lio e Vargem Bonita, em Minas Gerais pr\u00f3ximo a Serra da Canastra, situada mais especificamente no Bairro Lageado.<\/p>\n<p>Vera comercializa seus caf\u00e9s sob a marca Bas\u00edlio Garcia. Voc\u00eas podem acompanhar um pouco mais sobre o trabalho dela:<\/p>\n<p><a href=\"https:\/\/www.cafebasiliogarcia.com.br\/\">https:\/\/www.cafebasiliogarcia.com.br\/<\/a> ou<\/p>\n<p><a href=\"https:\/\/www.instagram.com\/cafebasiliogarcia\/\">https:\/\/www.instagram.com\/cafebasiliogarcia\/<\/a><\/p>\n","protected":false},"excerpt":{"rendered":"<p style=\"text-align: center;\">Fazenda Nossa Senhora de F\u00e1tima<br \/>\nCapit\u00f3lio &#8211; Serra da Canastra\/MG<br \/>\nAltitude: 1100m<br \/>\nVariedade: Catua\u00ed Vermelho Natural<br \/>\nProcesso: Natural<br \/>\nProdutora: Vera Garcia<\/p>\n<p style=\"text-align: center;\">Valor Pago a Produtora: R$ 1.400,00 a saca<\/p>\n<p>Este \u00e9 um caf\u00e9 com grande potencial para do\u00e7ura. Encontramos mel, caramelo, frutas amarelas, a\u00e7\u00facar mascavo e milho verde na finaliza\u00e7\u00e3o. \u00c9 um caf\u00e9 natural correto, sem tra\u00e7os de fermenta\u00e7\u00e3o al\u00e9m do caracter\u00edstico do processo.<\/p>\n","protected":false},"featured_media":420,"template":"","meta":[],"product_brand":[],"product_cat":[66],"product_tag":[],"class_list":{"0":"post-414","1":"product","2":"type-product","3":"status-publish","4":"has-post-thumbnail","6":"product_cat-cafeverde","8":"first","9":"outofstock","10":"shipping-taxable","11":"purchasable","12":"product-type-simple"},"_links":{"self":[{"href":"https:\/\/clubedocafe.net\/comprecoletivo\/wp-json\/wp\/v2\/product\/414","targetHints":{"allow":["GET"]}}],"collection":[{"href":"https:\/\/clubedocafe.net\/comprecoletivo\/wp-json\/wp\/v2\/product"}],"about":[{"href":"https:\/\/clubedocafe.net\/comprecoletivo\/wp-json\/wp\/v2\/types\/product"}],"wp:featuredmedia":[{"embeddable":true,"href":"https:\/\/clubedocafe.net\/comprecoletivo\/wp-json\/wp\/v2\/media\/420"}],"wp:attachment":[{"href":"https:\/\/clubedocafe.net\/comprecoletivo\/wp-json\/wp\/v2\/media?parent=414"}],"wp:term":[{"taxonomy":"product_brand","embeddable":true,"href":"https:\/\/clubedocafe.net\/comprecoletivo\/wp-json\/wp\/v2\/product_brand?post=414"},{"taxonomy":"product_cat","embeddable":true,"href":"https:\/\/clubedocafe.net\/comprecoletivo\/wp-json\/wp\/v2\/product_cat?post=414"},{"taxonomy":"product_tag","embeddable":true,"href":"https:\/\/clubedocafe.net\/comprecoletivo\/wp-json\/wp\/v2\/product_tag?post=414"}],"curies":[{"name":"wp","href":"https:\/\/api.w.org\/{rel}","templated":true}]}}