{"id":58,"date":"2018-10-05T03:09:41","date_gmt":"2018-10-05T03:09:41","guid":{"rendered":"http:\/\/clubedocafe.net\/comprecoletivo\/?page_id=58"},"modified":"2020-06-18T23:28:00","modified_gmt":"2020-06-18T23:28:00","slug":"sobre-2","status":"publish","type":"page","link":"https:\/\/clubedocafe.net\/comprecoletivo\/sobre-2\/","title":{"rendered":"Sobre a Compra Coletiva"},"content":{"rendered":"<p><strong>O que \u00e9 a Compra Coletiva<\/strong><\/p>\n<p>Comprar gr\u00e3os crus de qualidade e em pouca quantidade para a torra dom\u00e9stica \u00e9 uma tarefa \u00e1rdua e dispendiosa. De acordo com o que j\u00e1 vivenciamos aqui no f\u00f3rum, a solu\u00e7\u00e3o mais simples para esse problema \u00e9 a UNI\u00c3O. Desta forma, podemos dizer que a Compra Coletiva \u00e9 na realidade um esfor\u00e7o coletivo, onde nossa comunidade se une para comprar bons caf\u00e9s verdes, em grandes quantidades e com um pre\u00e7o final mais acess\u00edvel.<\/p>\n<p><strong>Nossos Valores<\/strong><\/p>\n<p>Acreditando que o com\u00e9rcio de caf\u00e9 verde deve ser sustent\u00e1vel tanto para o consumidor final quanto para o produtor, tentamos sempre negociar diretamente com o produtor, valorizando sempre o Com\u00e9rcio Justo.<\/p>\n<p>Al\u00e9m disso, acreditamos na transpar\u00eancia de todo processo de compra que realizamos, por isso informamos sempre os valores que est\u00e3o sendo pagos no caf\u00e9 e o valor final de cada gr\u00e3o \u00e9 calculado sobre o valor final da saca negociada!<\/p>\n<p><strong>Custos Operacionais<\/strong><\/p>\n<p>A Compra Coletiva n\u00e3o tem fins lucrativos, por\u00e9m \u00e9 evidente que h\u00e1 custos operacionais envolvidos. Alguns desses custos s\u00e3o: liga\u00e7\u00f5es interurbanas para negociar os caf\u00e9s, custos com frete para enviar e receber amostras, embalagens, caixas, impostos, taxa do meio de pagamento, gasolina para transportar as encomendas at\u00e9 os Correios e <strong>a m\u00e3o de obra dos envolvidos<\/strong>. Apesar do nosso esfor\u00e7o, \u00e9 dif\u00edcil estabelecer o quanto est\u00e1 sendo gasto em cada compra. Desta forma, nossa estrat\u00e9gia \u00e9 fazer um pequeno acr\u00e9scimo para ajuda de custos. O valor acrescentado para o caf\u00e9 VERDE \u00e9 de <strong>R$ 14,00 fixos por quilo<\/strong>, onde j\u00e1 est\u00e1 incluso embalagens, frete dos caf\u00e9s para BH e taxas de administra\u00e7\u00e3o da C.C.<\/p>\n<p><strong>Riscos<\/strong><\/p>\n<p>H\u00e1 riscos envolvidos na compra e como n\u00e3o h\u00e1 ningu\u00e9m lucrando com todo o processo, o risco \u00e9 de responsabilidade de cada participante.\u00a0<strong>N\u00e3o \u00e9 de responsabilidade do Clube do Caf\u00e9 ou de qualquer organizador da Compra Coletiva restituir o valor pago caso a encomenda seja perdida, danificada ou sofra qualquer acidente fora das posses dos organizadores.<\/strong>\u00a0\u00c9 claro que, acreditando na uni\u00e3o que temos aqui no Clube, temos certeza que haveria um esfor\u00e7o coletivo para ajudar ao m\u00e1ximo, dentro do poss\u00edvel, a pessoa que, porventura, seja lesada.<\/p>\n<p><strong>Formas de Pagamento disponibilizadas<\/strong><\/p>\n<p>Disponibilizamos duas formas de pagamento: PayPal e PagSeguro.<\/p>\n<p><strong>Formas de Envio<\/strong><\/p>\n<p>H\u00e1 tr\u00eas op\u00e7\u00f5es para envio:<\/p>\n<ul>\n<li>Envio via Correios: PAC e SEDEX &#8211; Para esta modalidade o frete \u00e9 calculado na hora ao finalizar o pedido;<\/li>\n<li>Envio via Transportadora: JadLog e JadExp (modalidade expressa);<\/li>\n<li>Retirada em m\u00e3o em Belo Horizonte &#8211; Moradores de BH e regi\u00e3o poder\u00e3o retirar o caf\u00e9 em m\u00e3os;<\/li>\n<\/ul>\n<p>Grande abra\u00e7o,<br \/>\nEquipe Compra Coletiva<\/p>\n","protected":false},"excerpt":{"rendered":"<p>O que \u00e9 a Compra Coletiva Comprar gr\u00e3os crus de qualidade e em pouca quantidade para a torra dom\u00e9stica \u00e9 uma tarefa \u00e1rdua e dispendiosa. De acordo com o que j\u00e1 vivenciamos aqui no f\u00f3rum, a solu\u00e7\u00e3o mais simples para esse problema \u00e9 a UNI\u00c3O. Desta forma, podemos dizer que a Compra Coletiva \u00e9 na [&hellip;]<\/p>\n","protected":false},"author":1,"featured_media":0,"parent":0,"menu_order":0,"comment_status":"closed","ping_status":"closed","template":"","meta":{"footnotes":""},"class_list":["post-58","page","type-page","status-publish","hentry"],"_links":{"self":[{"href":"https:\/\/clubedocafe.net\/comprecoletivo\/wp-json\/wp\/v2\/pages\/58","targetHints":{"allow":["GET"]}}],"collection":[{"href":"https:\/\/clubedocafe.net\/comprecoletivo\/wp-json\/wp\/v2\/pages"}],"about":[{"href":"https:\/\/clubedocafe.net\/comprecoletivo\/wp-json\/wp\/v2\/types\/page"}],"author":[{"embeddable":true,"href":"https:\/\/clubedocafe.net\/comprecoletivo\/wp-json\/wp\/v2\/users\/1"}],"replies":[{"embeddable":true,"href":"https:\/\/clubedocafe.net\/comprecoletivo\/wp-json\/wp\/v2\/comments?post=58"}],"version-history":[{"count":4,"href":"https:\/\/clubedocafe.net\/comprecoletivo\/wp-json\/wp\/v2\/pages\/58\/revisions"}],"predecessor-version":[{"id":702,"href":"https:\/\/clubedocafe.net\/comprecoletivo\/wp-json\/wp\/v2\/pages\/58\/revisions\/702"}],"wp:attachment":[{"href":"https:\/\/clubedocafe.net\/comprecoletivo\/wp-json\/wp\/v2\/media?parent=58"}],"curies":[{"name":"wp","href":"https:\/\/api.w.org\/{rel}","templated":true}]}}